{"id":6,"date":"2011-03-09T17:20:25","date_gmt":"2011-03-09T17:20:25","guid":{"rendered":"http:\/\/concurso.aragonmusicalradio.com\/?page_id=6"},"modified":"2012-09-08T18:12:33","modified_gmt":"2012-09-08T16:12:33","slug":"bases","status":"publish","type":"page","link":"https:\/\/concurso.aragonmusicalradio.com\/Concurso2012\/bases\/","title":{"rendered":"Bases"},"content":{"rendered":"<p style=\"text-align: justify;\"><strong>III \u00a0Concurso de canciones ARAG\u00d3N MUSICAL RADIO<\/strong><\/p>\n<p style=\"text-align: justify;\">\u00c9ste es el \u00fanico concurso de canciones de Arag\u00f3n.<\/p>\n<p style=\"text-align: justify;\"><strong>Bases<\/strong><\/p>\n<p style=\"text-align: justify;\">El colectivo\u00a0<strong>Arag\u00f3n Musical<\/strong> (aragonmusical.es), \u00a0estudios\u00a0<strong>S\u00e9ptimo Cielo<\/strong> (<a href=\"http:\/\/ww.septimocielo.es\" target=\"_blank\">septimocielo.es<\/a>) y Gustaff Room (<a href=\"http:\/\/www.gustaffroom.com\" target=\"_blank\">gustaffroom.com<\/a>) convocan el\u00a0<strong>III Concurso de canciones ARAGONMUSICALRADIO.COM<\/strong>.<\/p>\n<p style=\"text-align: justify;\">El concurso est\u00e1 organizado por\u00a0<strong>aragonmusicalradio.com<\/strong>,\u00a0<strong>aragonmusical.com <\/strong>y\u00a0el estudio de grabaci\u00f3n\u00a0<strong>S\u00e9ptimo Cielo<\/strong> en colaboraci\u00f3n con el estudio fotogr\u00e1fico<strong> Gustaff Room<\/strong> y el sello\u00a0<strong>Virtualbum.es<\/strong>.<\/p>\n<p style=\"text-align: justify;\">El plazo de presentaci\u00f3n de temas musicales se abre el 10 de septiembre de 2011 y se cierra el 30 de septiembre de 2012, ambos inclusive.<\/p>\n<p style=\"text-align: justify;\">Para presentar de 1 a 3 temas musicales al concurso\u00a0<strong>ARAGON MUSICAL RADIO<\/strong> hay que rellenar el formulario que para tal fin se encuentra en aragonmusicalradio.com. Previamente, el correspondiente grupo o solista aragon\u00e9s, se ha tenido que dar de alta en la secci\u00f3n de fichas de grupos de aragonmusical.com desde \u00a0<a href=\"http:\/\/www.aragonmusical.com\/grupos_alta.php\" target=\"_blank\"><strong>aqu\u00ed<\/strong><\/a>\u00a0y haber subido alguna canci\u00f3n en formato Mp3.<\/p>\n<p style=\"text-align: justify;\">Todas las canciones subidas a\u00a0<strong>aragonmusical.com<\/strong> suenan autom\u00e1ticamente en la emisora\u00a0<strong>aragonmusicalradio.com<\/strong> y cuentan, por tanto, con promoci\u00f3n, de manera inmediata. Adem\u00e1s, desde aragonmusicalradio.com, aragonmusical.com y en \u00a0<strong>Arag\u00f3n Suena <\/strong>(<strong>aragonsuena.com \/ aragonmusicaltv.com<\/strong>), se realizar\u00e1 un seguimiento de los grupos participantes.<\/p>\n<p style=\"text-align: justify;\">El premio para el grupo o solista firmante de la canci\u00f3n ganadora consiste en un EP, de m\u00e1ximo 25 minutos de duraci\u00f3n, grabado en estudios\u00a0<strong>S\u00e9ptimo Cielo <\/strong>(con un m\u00e1ximo de horas) y editado mediante formato virtual con el sello\u00a0<strong>Virtualbum.es. <\/strong>El disco se editar\u00e1 en formato digital en dicha plataforma como \u00fanico formato y bajo las condiciones de exclusividad durante el periodo de 1 a\u00f1o. Este proceso no tendr\u00e1 coste alguno para el grupo o solista ganador y se acompa\u00f1ar\u00e1 de difusi\u00f3n en banners desde los portales del colectivo\u00a0<strong>Arag\u00f3n Musical<\/strong> y distintos tipos de promoci\u00f3n. Adem\u00e1s,\u00a0<strong>Arag\u00f3n Musical<\/strong> y<strong> S\u00e9ptimo Cielo<\/strong>, organizar\u00e1n o apoyar\u00e1n la realizaci\u00f3n de un concierto presentaci\u00f3n del disco.<\/p>\n<p style=\"text-align: justify;\">El grupo ganador adem\u00e1s, obtendr\u00e1 una sesi\u00f3n \/ trabajo \u00a0audiovisual a cargo del estudio <strong>Gustaff Room<\/strong>. Si as\u00ed lo desea el grupo ganador, tendr\u00e1 adem\u00e1s un bono descuento del 50 % en una sesi\u00f3n fotogr\u00e1fica de estudio.<\/p>\n<p style=\"text-align: justify;\">Podr\u00e1n presentarse a este concurso todo tipo de propuestas musicales pertenecientes al panorama musical aragon\u00e9s, independientemente del lugar de nacimiento de sus componentes.<\/p>\n<p style=\"text-align: justify;\">Aunque el concurso se denomine \u201cde canciones\u201d pueden enviarse cualquier tipo de piezas sonoras, tambi\u00e9n instrumentales, siempre que ocupen un solo archivo Mp3 y no sobrepasen los 15 minutos cada una.<\/p>\n<p style=\"text-align: justify;\">El jurado lo compondr\u00e1n miembros y colaboradores del colectivo Arag\u00f3n Musical, \u00a0Gustaff Room y de estudios S\u00e9ptimo Cielo.<\/p>\n<p style=\"text-align: justify;\">Todas las propuestas musicales que se presentan aceptan estas bases.<\/p>\n<p style=\"text-align: justify;\">Cualquier duda podr\u00e1 ser resuelta <strong><a href=\"http:\/\/aragonmusicalradio.com\/contacta\/\">desde aqu\u00ed<\/a><\/strong><\/p>\n<p style=\"text-align: justify;\"><strong><a href=\"http:\/\/concurso.aragonmusicalradio.com\/Concurso2012\/wp-login.php?action=register\" target=\"_blank\">INSCRIPCIONES DE GRUPOS<\/a><\/strong><\/p>\n<p style=\"text-align: justify;\"><strong><em>Colectivo Arag\u00f3n Musical. Septiembre, 2012. <\/em><\/strong><\/p>\n<p style=\"text-align: justify;\"><strong><em><img decoding=\"async\" loading=\"lazy\" class=\"alignnone size-full wp-image-21\" src=\"http:\/\/concurso.aragonmusicalradio.com\/Concurso2012\/wp-content\/uploads\/2011\/03\/sepyvirtu600.jpg\" alt=\"\" width=\"600\" height=\"69\" srcset=\"https:\/\/concurso.aragonmusicalradio.com\/Concurso2012\/wp-content\/uploads\/2011\/03\/sepyvirtu600.jpg 600w, https:\/\/concurso.aragonmusicalradio.com\/Concurso2012\/wp-content\/uploads\/2011\/03\/sepyvirtu600-300x34.jpg 300w\" sizes=\"(max-width: 600px) 100vw, 600px\" \/><br \/>\n<\/em><\/strong><\/p>\n<p><img decoding=\"async\" loading=\"lazy\" class=\"alignnone size-full wp-image-22\" src=\"http:\/\/concurso.aragonmusicalradio.com\/Concurso2012\/wp-content\/uploads\/2011\/03\/gustaff600.jpg\" alt=\"\" width=\"600\" height=\"112\" srcset=\"https:\/\/concurso.aragonmusicalradio.com\/Concurso2012\/wp-content\/uploads\/2011\/03\/gustaff600.jpg 600w, https:\/\/concurso.aragonmusicalradio.com\/Concurso2012\/wp-content\/uploads\/2011\/03\/gustaff600-300x56.jpg 300w\" sizes=\"(max-width: 600px) 100vw, 600px\" \/><\/p>\n","protected":false},"excerpt":{"rendered":"<p>III \u00a0Concurso de canciones ARAG\u00d3N MUSICAL RADIO \u00c9ste es el \u00fanico concurso de canciones de Arag\u00f3n. Bases El colectivo\u00a0Arag\u00f3n Musical (aragonmusical.es), \u00a0estudios\u00a0S\u00e9ptimo Cielo (septimocielo.es) y Gustaff Room (gustaffroom.com) convocan el\u00a0III Concurso de canciones ARAGONMUSICALRADIO.COM. El concurso est\u00e1 organizado por\u00a0aragonmusicalradio.com,\u00a0aragonmusical.com y\u00a0el estudio de grabaci\u00f3n\u00a0S\u00e9ptimo Cielo en colaboraci\u00f3n con el estudio fotogr\u00e1fico Gustaff Room y el sello\u00a0Virtualbum.es. [&hellip;]<\/p>\n","protected":false},"author":1,"featured_media":0,"parent":0,"menu_order":0,"comment_status":"open","ping_status":"open","template":"","meta":[],"_links":{"self":[{"href":"https:\/\/concurso.aragonmusicalradio.com\/Concurso2012\/wp-json\/wp\/v2\/pages\/6"}],"collection":[{"href":"https:\/\/concurso.aragonmusicalradio.com\/Concurso2012\/wp-json\/wp\/v2\/pages"}],"about":[{"href":"https:\/\/concurso.aragonmusicalradio.com\/Concurso2012\/wp-json\/wp\/v2\/types\/page"}],"author":[{"embeddable":true,"href":"https:\/\/concurso.aragonmusicalradio.com\/Concurso2012\/wp-json\/wp\/v2\/users\/1"}],"replies":[{"embeddable":true,"href":"https:\/\/concurso.aragonmusicalradio.com\/Concurso2012\/wp-json\/wp\/v2\/comments?post=6"}],"version-history":[{"count":4,"href":"https:\/\/concurso.aragonmusicalradio.com\/Concurso2012\/wp-json\/wp\/v2\/pages\/6\/revisions"}],"predecessor-version":[{"id":41,"href":"https:\/\/concurso.aragonmusicalradio.com\/Concurso2012\/wp-json\/wp\/v2\/pages\/6\/revisions\/41"}],"wp:attachment":[{"href":"https:\/\/concurso.aragonmusicalradio.com\/Concurso2012\/wp-json\/wp\/v2\/media?parent=6"}],"curies":[{"name":"wp","href":"https:\/\/api.w.org\/{rel}","templated":true}]}}