{"id":15,"date":"2011-03-09T19:12:18","date_gmt":"2011-03-09T19:12:18","guid":{"rendered":"http:\/\/concurso.aragonmusicalradio.com\/?page_id=15"},"modified":"2011-03-09T19:12:18","modified_gmt":"2011-03-09T19:12:18","slug":"ii-edicion","status":"publish","type":"page","link":"https:\/\/concurso.aragonmusicalradio.com\/Concurso2012\/concurso\/ii-edicion\/","title":{"rendered":"II Edici\u00f3n"},"content":{"rendered":"<p style=\"text-align: justify;\"><span style=\"text-decoration: underline;\"><strong>Concurso 2011:<\/strong><\/span><\/p>\n<p style=\"text-align: justify;\"><strong><span style=\"color: #ff0000;\">PLAZO FINALIZADO:<\/span> <a href=\"http:\/\/concurso.aragonmusicalradio.com\/\">THE SHIMM GANAN EL II CONCURSO DE CANCIONES ARAG\u00d3N MUSICAL RADIO<\/a><\/strong><\/p>\n<p style=\"text-align: justify;\">El colectivo\u00a0<strong>Arag\u00f3n Musical<\/strong> (aragonmusical.es), \u00a0estudios\u00a0<strong>S\u00e9ptimo Cielo <\/strong>(<a href=\"http:\/\/ww.septimocielo.es\/\" target=\"_blank\">septimocielo.es<\/a>) y Gustaff Room (<a href=\"http:\/\/www.gustaffroom.com\/\" target=\"_blank\">gustaffroom.com<\/a>) convocan el\u00a0<strong>II Concurso de canciones ARAGONMUSICALRADIO.COM<\/strong>.<\/p>\n<p style=\"text-align: justify;\">El concurso est\u00e1 organizado por\u00a0<strong>aragonmusicalradio.com<\/strong>,\u00a0<strong>aragonmusical.com <\/strong>y\u00a0el estudio de grabaci\u00f3n\u00a0<strong>S\u00e9ptimo Cielo<\/strong> en colaboraci\u00f3n con el estudio fotogr\u00e1fico<strong> Gustaff Room<\/strong> y el sello\u00a0<strong>Virtualbum.es<\/strong>.<\/p>\n<p style=\"text-align: justify;\">El plazo de presentaci\u00f3n de temas musicales se abre el 10 de marzo de 2011 y se cierra el 31 de marzo de 2011, ambos inclusive.<\/p>\n<p style=\"text-align: justify;\">Requisitos:<\/p>\n<p style=\"text-align: justify;\">1- Tener una ficha con un m\u00ednimo de una canci\u00f3n en\u00a0<strong><a href=\"http:\/\/www.aragonmusical.com\/grupos\/altagrupo.php\" target=\"_blank\">Arag\u00f3n Musical<\/a><\/strong> (Si ya tienes temas subidos a tu ficha, no hace falta cambiarlos o subir otros)<\/p>\n<p style=\"text-align: justify;\">2- <a href=\"http:\/\/concurso.aragonmusicalradio.com\/wp-login.php?action=register\">Registrar tu participaci\u00f3n<\/a> &#8211;\u00a0\u00a0<strong><a href=\"http:\/\/concurso.aragonmusicalradio.com\/bases\/\" target=\"_blank\">Leer bases al completo<\/a><\/strong><\/p>\n<p style=\"text-align: justify;\"><strong>PARTICIPANTES INSCRITOS 2011 :<\/strong><\/p>\n<p style=\"text-align: justify;\"><strong><br \/>\n<\/strong><\/p>\n<p>&nbsp;<\/p>\n","protected":false},"excerpt":{"rendered":"<p>Concurso 2011: PLAZO FINALIZADO: THE SHIMM GANAN EL II CONCURSO DE CANCIONES ARAG\u00d3N MUSICAL RADIO El colectivo\u00a0Arag\u00f3n Musical (aragonmusical.es), \u00a0estudios\u00a0S\u00e9ptimo Cielo (septimocielo.es) y Gustaff Room (gustaffroom.com) convocan el\u00a0II Concurso de canciones ARAGONMUSICALRADIO.COM. El concurso est\u00e1 organizado por\u00a0aragonmusicalradio.com,\u00a0aragonmusical.com y\u00a0el estudio de grabaci\u00f3n\u00a0S\u00e9ptimo Cielo en colaboraci\u00f3n con el estudio fotogr\u00e1fico Gustaff Room y el sello\u00a0Virtualbum.es. El plazo [&hellip;]<\/p>\n","protected":false},"author":1,"featured_media":0,"parent":10,"menu_order":0,"comment_status":"open","ping_status":"open","template":"","meta":[],"_links":{"self":[{"href":"https:\/\/concurso.aragonmusicalradio.com\/Concurso2012\/wp-json\/wp\/v2\/pages\/15"}],"collection":[{"href":"https:\/\/concurso.aragonmusicalradio.com\/Concurso2012\/wp-json\/wp\/v2\/pages"}],"about":[{"href":"https:\/\/concurso.aragonmusicalradio.com\/Concurso2012\/wp-json\/wp\/v2\/types\/page"}],"author":[{"embeddable":true,"href":"https:\/\/concurso.aragonmusicalradio.com\/Concurso2012\/wp-json\/wp\/v2\/users\/1"}],"replies":[{"embeddable":true,"href":"https:\/\/concurso.aragonmusicalradio.com\/Concurso2012\/wp-json\/wp\/v2\/comments?post=15"}],"version-history":[{"count":0,"href":"https:\/\/concurso.aragonmusicalradio.com\/Concurso2012\/wp-json\/wp\/v2\/pages\/15\/revisions"}],"up":[{"embeddable":true,"href":"https:\/\/concurso.aragonmusicalradio.com\/Concurso2012\/wp-json\/wp\/v2\/pages\/10"}],"wp:attachment":[{"href":"https:\/\/concurso.aragonmusicalradio.com\/Concurso2012\/wp-json\/wp\/v2\/media?parent=15"}],"curies":[{"name":"wp","href":"https:\/\/api.w.org\/{rel}","templated":true}]}}